{"id":96,"date":"2022-08-19T13:00:57","date_gmt":"2022-08-19T11:00:57","guid":{"rendered":"http:\/\/myadvisor.dk\/?page_id=96"},"modified":"2022-09-21T14:05:42","modified_gmt":"2022-09-21T12:05:42","slug":"forretningsudvikling-salg","status":"publish","type":"page","link":"https:\/\/myadvisor.dk\/index.php\/forretningsudvikling-salg\/","title":{"rendered":"Forretningsudvikling \/ -salg"},"content":{"rendered":"\n<div class=\"wp-block-columns is-layout-flex wp-container-core-columns-is-layout-9d6595d7 wp-block-columns-is-layout-flex\">\n<div class=\"wp-block-column is-layout-flow wp-block-column-is-layout-flow\" style=\"flex-basis:25%\"><\/div>\n\n\n\n<div class=\"wp-block-column is-layout-flow wp-block-column-is-layout-flow\" style=\"flex-basis:50%\">\n<p class=\"has-black-color has-text-color\">Er din virksomhed stagneret, eller \u00f8nsker du at udvikle den i en anden retning? En ekstern forretningsr\u00e5dgiver laver en forretningsgennemgang, der giver dig klarhed over dine udfordringer og finder l\u00f8sninger og nye muligheder. MyAdvisor er den sparringspartner, du mangler.<\/p>\n\n\n\n<p class=\"has-black-color has-text-color\">Baseret p\u00e5 mange \u00e5rs erfaring med at starte, v\u00e6kste, opk\u00f8be, fusionere og s\u00e6lge virksomheder kan MyAdvisor i ethvert punkt i din virksomheds livscyklus skabe en merv\u00e6rdi for din virksomhed \u2013 og for dig. Du v\u00e6kster din virksomhed med MyAdvisor p\u00e5 sidelinjen til at st\u00f8tte og vejlede.<\/p>\n\n\n\n<p class=\"has-black-color has-text-color\"><strong>Nye veje skal v\u00e6re fair<\/strong><br>Forretningsudvikling kan sagtens v\u00e6re afvikling, men det kan ogs\u00e5 v\u00e6re v\u00e6kst. N\u00e5r du \u00f8nsker at udvikle din virksomhed, kan vi for eksempel arbejde med at flytte domicil, fordele roller anderledes, udvide til udlandet eller noget helt fjerde. Udgangspunktet vil altid v\u00e6re din virksomhed og dine \u00f8nsker.<\/p>\n\n\n\n<p class=\"has-black-color has-text-color\">St\u00e5r I overfor at k\u00f8be en partner ud af virksomheden, hj\u00e6lper MyAdvisor med priss\u00e6tning, forventningsafstemning, tanker omkring processen og en model for forl\u00f8bet. Er det n\u00f8dvendigt, fungerer MyAdvisor ogs\u00e5 som mediator mellem parterne. MyAdvisor l\u00e6gger v\u00e6gt p\u00e5, at b\u00e5de forl\u00f8b og resultat skal v\u00e6re fair for alle parter, s\u00e5 der ikke bagefter kan s\u00e6ttes en finger p\u00e5 sagen.<\/p>\n\n\n\n<p class=\"has-black-color has-text-color\">Er du i en l\u00e5st situation, st\u00f8tter MyAdvisor dig til at finde nye muligheder. Sammen afg\u00f8r vi, hvad der er bedst for dig og din virksomhed, og jeg r\u00e5dgiver dig gennem hele processen. Jeg hj\u00e6lper dig til at se, hvor der kan optimeres, s\u00e5 virksomheden bliver en sund forretning.<\/p>\n\n\n\n<figure class=\"wp-block-image size-full\"><img loading=\"lazy\" decoding=\"async\" width=\"500\" height=\"353\" src=\"https:\/\/myadvisor.dk\/wp-content\/uploads\/2022\/09\/spir-beskaaret.png\" alt=\"\" class=\"wp-image-234\" srcset=\"https:\/\/myadvisor.dk\/wp-content\/uploads\/2022\/09\/spir-beskaaret.png 500w, https:\/\/myadvisor.dk\/wp-content\/uploads\/2022\/09\/spir-beskaaret-300x212.png 300w\" sizes=\"auto, (max-width: 500px) 100vw, 500px\" \/><\/figure>\n\n\n\n<p class=\"has-black-color has-text-color\"><strong>N\u00e5r du vil udvikle ved at s\u00e6lge<\/strong><br>Vil du s\u00e6lge din virksomhed \u2013 eller \u00f8nsker du at dr\u00f8fte, om det er den rigtige beslutning, er MyAdvisor din r\u00e5dgiver. Vi klarl\u00e6gger blandt andet: Hvilke leverand\u00f8rer har virksomheden? Hvilke betalingsaftaler og opsigelsesvarsler er der? Har I kundekontakter for alle kunder? Har I databehandleraftaler? Eller \u00e5bne retssager, der k\u00f8rer?<\/p>\n\n\n\n<p class=\"has-black-color has-text-color\">Specielle aftaler kan give udfordringer i forbindelse med salg. Og hvordan s\u00f8rger I for at f\u00e5 alt p\u00e5 plads, f\u00f8r I fort\u00e6ller medarbejderne, at virksomheden skal s\u00e6lges? Jeg hj\u00e6lper dig med at g\u00f8re virksomheden salgsklar og gennemg\u00e5r alle de elementer, du skal have styr p\u00e5. Det g\u00f8r hele processen fra beslutning til salg smidig og enkel for dig.<\/p>\n\n\n\n<p class=\"has-black-color has-text-color\"><strong>R\u00e5dgivning udvikler din virksomhed<\/strong><br>Kalder udviklingen af din virksomhed p\u00e5 en op- eller nedjustering, kan MyAdvisor r\u00e5dgive dig i den rigtige retning. Om du skal have st\u00f8rre eller mindre lokaler, flere eller f\u00e6rre ansatte eller noget helt tredje afh\u00e6nger af flere faktorer. Jeg hj\u00e6lper dig med at afd\u00e6kke dine \u00f8nsker for virksomheden, s\u00e5 udviklingen bliver sund for b\u00e5de virksomheden og dig.<\/p>\n\n\n\n<p class=\"has-black-color has-text-color\">N\u00e5r du v\u00e6lger MyAdvisor som virksomhedskonsulent, f\u00e5r du en sparringspartner, der er dedikeret og professionel. Tidligere kunder vender ofte tilbage, fordi samarbejdet har v\u00e6ret givtigt og en forn\u00f8jelse. MyAdvisor samarbejder gerne med kunder gennem flere \u00e5r og kan kobles til og fra virksomheden efter behov.<\/p>\n\n\n\n<p class=\"has-black-color has-text-color\">Ud fra dine \u00f8nsker afg\u00f8r vi, om MyAdvisor skal fungere som r\u00e5dgiver p\u00e5 timebasis, eller om det vil v\u00e6re oplagt med en udviklingspakke for din virksomhed. Pakken indeholder nogle faste elementer, men de vil altid v\u00e6re tilpasset din virksomhed.<\/p>\n<\/div>\n\n\n\n<div class=\"wp-block-column is-layout-flow wp-block-column-is-layout-flow\" style=\"flex-basis:25%\"><\/div>\n<\/div>\n\n\n\n<div class=\"wp-block-columns is-layout-flex wp-container-core-columns-is-layout-9d6595d7 wp-block-columns-is-layout-flex\">\n<div class=\"wp-block-column is-layout-flow wp-block-column-is-layout-flow\" style=\"flex-basis:25%\"><\/div>\n\n\n\n<div class=\"wp-block-column ticss-687cdabf has-blue-background-color has-background is-layout-flow wp-block-column-is-layout-flow\" style=\"flex-basis:50%\">\n<h2 class=\"has-white-color has-text-color wp-block-heading\">Udviklingspakke<\/h2>\n\n\n\n<p class=\"has-white-color has-text-color\"><br>Forretningsudvikling \u2013 herunder etablering i udlandet samt assistance i forbindelse med k\u00f8b og salg af virksomhed. Pakken kan for eksempel indeholde:<\/p>\n\n\n\n<ol class=\"has-white-color has-text-color wp-block-list\"><li>Leverand\u00f8r review og analyse (inkl. lejem\u00e5l, bank, forsikring, pension, IT)<br>a. Kontrakter \/ aftalegrundlag<br>b. Check CVR<br>c. Opsigelsesvarsler<br>d. Betalingsbetingelser<\/li><li>Kunde review og analyse<br>a. Kontrakter \/ aftalegrundlag<br>b. Check CVR<br>c. Betalingsbetingelser<br>d. Analyse af aldersfordelt debitorliste (tabsrisiko)<\/li><li>Unders\u00f8gelse \/ analyse af branche med henblik p\u00e5 opk\u00f8b eller fusion<\/li><li>Forberedelse til salg<br>a. Dette omfatter alle ovenst\u00e5ende punkter og yderligere aftalte handlinger.<\/li><\/ol>\n<\/div>\n\n\n\n<div class=\"wp-block-column is-layout-flow wp-block-column-is-layout-flow\" style=\"flex-basis:25%\"><\/div>\n<\/div>\n","protected":false},"excerpt":{"rendered":"<p>Er din virksomhed stagneret, eller \u00f8nsker du at udvikle den i en anden retning? En ekstern forretningsr\u00e5dgiver laver en forretningsgennemgang, der giver dig klarhed over dine udfordringer og finder l\u00f8sninger og nye muligheder. MyAdvisor er den sparringspartner, du mangler. Baseret p\u00e5 mange \u00e5rs erfaring med at starte, v\u00e6kste, opk\u00f8be, fusionere og s\u00e6lge virksomheder kan MyAdvisor [&hellip;]<\/p>\n","protected":false},"author":1,"featured_media":0,"parent":0,"menu_order":0,"comment_status":"closed","ping_status":"closed","template":"","meta":{"inline_featured_image":false,"_themeisle_gutenberg_block_has_review":false,"footnotes":""},"class_list":["post-96","page","type-page","status-publish","hentry"],"_links":{"self":[{"href":"https:\/\/myadvisor.dk\/index.php\/wp-json\/wp\/v2\/pages\/96","targetHints":{"allow":["GET"]}}],"collection":[{"href":"https:\/\/myadvisor.dk\/index.php\/wp-json\/wp\/v2\/pages"}],"about":[{"href":"https:\/\/myadvisor.dk\/index.php\/wp-json\/wp\/v2\/types\/page"}],"author":[{"embeddable":true,"href":"https:\/\/myadvisor.dk\/index.php\/wp-json\/wp\/v2\/users\/1"}],"replies":[{"embeddable":true,"href":"https:\/\/myadvisor.dk\/index.php\/wp-json\/wp\/v2\/comments?post=96"}],"version-history":[{"count":9,"href":"https:\/\/myadvisor.dk\/index.php\/wp-json\/wp\/v2\/pages\/96\/revisions"}],"predecessor-version":[{"id":246,"href":"https:\/\/myadvisor.dk\/index.php\/wp-json\/wp\/v2\/pages\/96\/revisions\/246"}],"wp:attachment":[{"href":"https:\/\/myadvisor.dk\/index.php\/wp-json\/wp\/v2\/media?parent=96"}],"curies":[{"name":"wp","href":"https:\/\/api.w.org\/{rel}","templated":true}]}}