{"id":59,"date":"2022-08-16T13:42:00","date_gmt":"2022-08-16T11:42:00","guid":{"rendered":"http:\/\/myadvisor.dk\/?page_id=59"},"modified":"2023-02-07T14:46:12","modified_gmt":"2023-02-07T13:46:12","slug":"bestyrelse","status":"publish","type":"page","link":"https:\/\/myadvisor.dk\/index.php\/bestyrelse\/","title":{"rendered":"Bestyrelse"},"content":{"rendered":"\n<div class=\"wp-block-columns is-layout-flex wp-container-core-columns-is-layout-9d6595d7 wp-block-columns-is-layout-flex\">\n<div class=\"wp-block-column is-layout-flow wp-block-column-is-layout-flow\" style=\"flex-basis:25%\"><\/div>\n\n\n\n<div class=\"wp-block-column is-layout-flow wp-block-column-is-layout-flow\" style=\"flex-basis:50%\">\n<p class=\"has-black-color has-text-color\">Mange \u00e5rs erfaring og ekstrem bred viden kan v\u00e6re de nye kr\u00e6fter i din bestyrelse. Som bestyrelsesmedlem kan jeg, Martin T. Bruun, tilf\u00f8re din virksomhed v\u00e6rdi baseret p\u00e5 en bred erfaring fra en lang karriere, b\u00e5de som ansat og som selvst\u00e6ndig gennem mere end 20 \u00e5r. Jeg har derfor frisk i erindring, hvad det vil sige at drive virksomhed.<\/p>\n\n\n\n<p class=\"has-black-color has-text-color\">Jeg \u00f8nsker en bestyrelsespost, hvor jeg kan deltage aktivt ved at tilf\u00f8re virksomheden kompetencer, beslutningsgrundlag og v\u00e6re med til at l\u00e6gge en strategi for udvikling af virksomheden. Gennem \u00e5rene har jeg v\u00e6ret sparringspartner for mange ejere, ledelser og bestyrelser.<\/p>\n\n\n\n<p class=\"has-black-color has-text-color\"><strong>Spotter potentialer og skaber overblik \u2013 ogs\u00e5 internationalt<\/strong><br>Udover en lang og succesfuld karriere med erfaring fra mange forskellige brancher besidder jeg en evne til at se form\u00e5let med virksomheden. Jeg kan p\u00e5 den baggrund spotte et uforl\u00f8st potentiale og v\u00e6re med til at forl\u00f8se og udvikle det.<\/p>\n\n\n\n<p class=\"has-black-color has-text-color\">En god udvikling kr\u00e6ver et godt grundlag og en portion forandringsvillighed fra virksomhedens ledelse og ejer. Jeg skaber overblikket og kan guide virksomheden gennem udvikling, salg eller flytning til udlandet.<\/p>\n\n\n\n<p class=\"has-black-color has-text-color\">Som bestyrelsesmedlem kan jeg desuden assistere ved kontakt til revisor, bank, forsikring og pension. R\u00e5dgivning i forbindelse med ans\u00e6ttelsesret, kompensationer, HR og GDPR er endnu et kompetenceomr\u00e5de, din virksomhed f\u00e5r tilf\u00f8rt med mig i bestyrelsen.<\/p>\n\n\n\n<p class=\"has-black-color has-text-color\">Min internationale erfaring g\u00f8r det oplagt for en bestyrelse med henblik p\u00e5 internationalisering at have mig med til at styrke processen. Jeg kan desuden v\u00e6re medlem af et dansk datterselskab til en international virksomhed og i den forbindelse varetage og beskytte den udenlandske ejers interesser i Danmark.<\/p>\n\n\n\n<figure class=\"wp-block-image size-full\"><img loading=\"lazy\" decoding=\"async\" width=\"500\" height=\"367\" src=\"https:\/\/myadvisor.dk\/wp-content\/uploads\/2022\/09\/6_50x40cm-web.jpg\" alt=\"\" class=\"wp-image-167\" srcset=\"https:\/\/myadvisor.dk\/wp-content\/uploads\/2022\/09\/6_50x40cm-web.jpg 500w, https:\/\/myadvisor.dk\/wp-content\/uploads\/2022\/09\/6_50x40cm-web-300x220.jpg 300w\" sizes=\"auto, (max-width: 500px) 100vw, 500px\" \/><\/figure>\n\n\n\n<p class=\"has-black-color has-text-color\"><strong>Erfaring med b\u00e5de bestyrelse og virksomhedsudvikling<\/strong><br>Jeg har erfaring fra tidligere bestyrelsesposter, der blandt andet har budt p\u00e5 ansvaret for at l\u00e6gge en strategi og plan for at genrejse virksomheden samt k\u00f8b af dansk virksomhed med international forhandling i Paris. Lige s\u00e5 v\u00e6rdifuldt for din virksomhed er det, at jeg ved, hvordan en virksomhed skal styres og udvikles.<\/p>\n\n\n\n<p class=\"has-black-color has-text-color\">Med en baggrund som revisor r\u00e5dgiver jeg gerne ejeren af virksomheden indenfor privatsf\u00e6ren. Emner kan v\u00e6re \u00f8konomi i forbindelse med holdingselskab, leveomkostninger, livsvilk\u00e5r \u2013 herunder s\u00e6rligt i forbindelse med salg, holdingstruktur og generationsskifte.<\/p>\n\n\n\n<p class=\"has-black-color has-text-color\"><strong>Advisory board kan v\u00e6re en mulig start<\/strong><br>Har du lyst til at udvikle din virksomhed, men har du ikke mulighed for at tage en bestyrelseskandidat ind? Jeg tilbyder at starte med at indg\u00e5 i et advisory board og bygge p\u00e5 efterh\u00e5nden. Ring p\u00e5 telefon (+45) 40 15 52 23, s\u00e5 kan vi dr\u00f8fte mulighederne.<\/p>\n<\/div>\n\n\n\n<div class=\"wp-block-column is-layout-flow wp-block-column-is-layout-flow\" style=\"flex-basis:25%\"><\/div>\n<\/div>\n","protected":false},"excerpt":{"rendered":"<p>Mange \u00e5rs erfaring og ekstrem bred viden kan v\u00e6re de nye kr\u00e6fter i din bestyrelse. Som bestyrelsesmedlem kan jeg, Martin T. Bruun, tilf\u00f8re din virksomhed v\u00e6rdi baseret p\u00e5 en bred erfaring fra en lang karriere, b\u00e5de som ansat og som selvst\u00e6ndig gennem mere end 20 \u00e5r. Jeg har derfor frisk i erindring, hvad det vil [&hellip;]<\/p>\n","protected":false},"author":1,"featured_media":0,"parent":0,"menu_order":0,"comment_status":"closed","ping_status":"closed","template":"","meta":{"inline_featured_image":false,"_themeisle_gutenberg_block_has_review":false,"footnotes":""},"class_list":["post-59","page","type-page","status-publish","hentry"],"_links":{"self":[{"href":"https:\/\/myadvisor.dk\/index.php\/wp-json\/wp\/v2\/pages\/59","targetHints":{"allow":["GET"]}}],"collection":[{"href":"https:\/\/myadvisor.dk\/index.php\/wp-json\/wp\/v2\/pages"}],"about":[{"href":"https:\/\/myadvisor.dk\/index.php\/wp-json\/wp\/v2\/types\/page"}],"author":[{"embeddable":true,"href":"https:\/\/myadvisor.dk\/index.php\/wp-json\/wp\/v2\/users\/1"}],"replies":[{"embeddable":true,"href":"https:\/\/myadvisor.dk\/index.php\/wp-json\/wp\/v2\/comments?post=59"}],"version-history":[{"count":8,"href":"https:\/\/myadvisor.dk\/index.php\/wp-json\/wp\/v2\/pages\/59\/revisions"}],"predecessor-version":[{"id":403,"href":"https:\/\/myadvisor.dk\/index.php\/wp-json\/wp\/v2\/pages\/59\/revisions\/403"}],"wp:attachment":[{"href":"https:\/\/myadvisor.dk\/index.php\/wp-json\/wp\/v2\/media?parent=59"}],"curies":[{"name":"wp","href":"https:\/\/api.w.org\/{rel}","templated":true}]}}