{"id":3,"date":"2022-09-21T22:00:00","date_gmt":"2022-09-21T20:00:00","guid":{"rendered":"http:\/\/myadvisor.dk\/?page_id=3"},"modified":"2022-09-28T21:58:15","modified_gmt":"2022-09-28T19:58:15","slug":"privacy-policy","status":"publish","type":"page","link":"https:\/\/myadvisor.dk\/index.php\/privacy-policy\/","title":{"rendered":"Privatlivs- og cookiepolitik"},"content":{"rendered":"\n<p class=\"has-black-color has-text-color\">MyAdvisor.dk indsamler ikke oplysninger om dig og din adf\u00e6rd p\u00e5 websitet. Men benytter du kontaktformularen p\u00e5 sitet eller k\u00f8ber en ydelse, behandler jeg de personoplysninger, du indtaster. I det f\u00f8lgende uddyber jeg, hvilke oplysninger der er tale om, og hvem der har adgang til dem.<\/p>\n\n\n\n<h2 class=\"wp-block-heading\">S\u00e5dan indsamler og anvender MyAdvisor dine personoplysninger<\/h2>\n\n\n\n<p class=\"has-black-color has-text-color\">N\u00e5r du udfylder kontaktformularen, giver du samtykke til, at jeg m\u00e5 bruge dine oplysninger til at kontakte dig. Jeg behandler de indtastede oplysninger, til det ikke er relevant l\u00e6ngere. Du kan til enhver tid bede om at f\u00e5 slettet dine oplysninger.<\/p>\n\n\n\n<h2 class=\"wp-block-heading\">S\u00e5dan behandler MyAdvisor dine personoplysninger<\/h2>\n\n\n\n<p class=\"has-black-color has-text-color\">N\u00e5r du udfylder og sender kontaktformularen p\u00e5 myadvisor.dk eller k\u00f8ber ydelser hos MyAdvisor, indtaster du en r\u00e6kke personoplysninger, som er:<\/p>\n\n\n\n<ul class=\"has-black-color has-text-color wp-block-list\"><li>Dit navn<\/li><li>Dit firmanavn<\/li><li>Dit firmas CVR.nr.<\/li><li>Din e-mailadresse<\/li><li>Dit telefonnummer<\/li><li>Dine betalingsoplysninger.<\/li><\/ul>\n\n\n\n<p class=\"has-black-color has-text-color\">For at kunne besvare din henvendelse eller opfylde min del af k\u00f8bsaftalen, behandler jeg disse personoplysninger. De slettes, n\u00e5r det ikke l\u00e6ngere er relevant at behandle dem. Har du k\u00f8bt en ydelse, skal personoplysningerne if\u00f8lge lovgivningen gemmes i regnskabet i 5 \u00e5r.<\/p>\n\n\n\n<h2 class=\"wp-block-heading\">S\u00e5dan sikrer MyAdvisor datasikkerhed<\/h2>\n\n\n\n<p class=\"has-black-color has-text-color\">Dine oplysninger bliver kun anvendt til det form\u00e5l, du har givet samtykke til, og jeg behandler oplysningerne sikkert og fortroligt. Jeg sletter dine oplysninger, n\u00e5r det ikke l\u00e6ngere er relevant at gemme dem.<\/p>\n\n\n\n<p class=\"has-black-color has-text-color\">MyAdvisor anvender f\u00f8lgende tredjeparter til at behandle dine oplysninger:<\/p>\n\n\n\n<ul class=\"has-black-color has-text-color wp-block-list\"><li>e-conomic \u2013 regnskabsprogram til fakturering.<\/li><\/ul>\n\n\n\n<p class=\"has-black-color has-text-color\">MyAdvisor\/Martin T. Bruun har indg\u00e5et databehandleraftaler med de n\u00e6vnte databehandlere. Det er din og min garanti for, at de overholder de g\u00e6ldende regler om at beskytte dine personoplysninger.<\/p>\n\n\n\n<h2 class=\"wp-block-heading\">S\u00e5dan f\u00e5r du adgang til dine oplysninger<\/h2>\n\n\n\n<p class=\"has-black-color has-text-color\">\u00d8nsker du at vide, hvilke personoplysninger MyAdvisor har om dig, kan du altid kontakte mig:<\/p>\n\n\n\n<p class=\"has-black-color has-text-color\">MyAdvisor ApS\/Martin T. Bruun<br>CVR nr. 43139681<br>Studsb\u00f8l All\u00e9 94<br>DK &#8211; 2770 Kastrup<br>E-mail: info@myadvisor.dk<br>Tlf.: (+45) 40 15 52 23<\/p>\n\n\n\n<p class=\"has-black-color has-text-color\">Du har altid ret til at f\u00e5 oplysninger om dig udleveret, og du kan altid f\u00e5 dem rettet, hvis der er fejl i dem. Kontakt mig blot p\u00e5 info@myadvisor.dk.<\/p>\n\n\n\n<p class=\"has-black-color has-text-color\">\u00d8nsker du ikke, at jeg skal behandle dine personoplysninger l\u00e6ngere, kan du give besked p\u00e5 info@myadvisor.dk. S\u00e5 vidt det ikke er i strid med regnskabsloven, tilgodeser jeg dit \u00f8nske.<\/p>\n\n\n\n<p class=\"has-black-color has-text-color\">Hvis du vil klage over MyAdvisors behandling af dine personoplysninger, kan du kontakte Datatilsynet, Carl Jacobsens Vej 35, 2500 Valby, tlf.: 33 19 32 00, e-mail: dt@datatilsynet.dk.<\/p>\n\n\n\n<h2 class=\"wp-block-heading\">S\u00e5dan anvender MyAdvisor cookies<\/h2>\n\n\n\n<p class=\"has-black-color has-text-color\">Websitet myadvisor.dk anvender ikke cookies.<\/p>\n\n\n\n<p class=\"has-black-color has-text-color\">Myadvisor.dk ejes og publiceres af: Martin T. Bruun, MyAdvisor ApS, CVR nr. 43139681, Studsb\u00f8l All\u00e9 94, 2770 Kastrup, Danmark, info@myadvisor.dk, tlf. (+45) 40 15 52 23.<\/p>\n","protected":false},"excerpt":{"rendered":"<p>MyAdvisor.dk indsamler ikke oplysninger om dig og din adf\u00e6rd p\u00e5 websitet. Men benytter du kontaktformularen p\u00e5 sitet eller k\u00f8ber en ydelse, behandler jeg de personoplysninger, du indtaster. I det f\u00f8lgende uddyber jeg, hvilke oplysninger der er tale om, og hvem der har adgang til dem. S\u00e5dan indsamler og anvender MyAdvisor dine personoplysninger N\u00e5r du udfylder [&hellip;]<\/p>\n","protected":false},"author":1,"featured_media":0,"parent":0,"menu_order":0,"comment_status":"closed","ping_status":"open","template":"","meta":{"inline_featured_image":false,"_themeisle_gutenberg_block_has_review":false,"footnotes":""},"class_list":["post-3","page","type-page","status-publish","hentry"],"_links":{"self":[{"href":"https:\/\/myadvisor.dk\/index.php\/wp-json\/wp\/v2\/pages\/3","targetHints":{"allow":["GET"]}}],"collection":[{"href":"https:\/\/myadvisor.dk\/index.php\/wp-json\/wp\/v2\/pages"}],"about":[{"href":"https:\/\/myadvisor.dk\/index.php\/wp-json\/wp\/v2\/types\/page"}],"author":[{"embeddable":true,"href":"https:\/\/myadvisor.dk\/index.php\/wp-json\/wp\/v2\/users\/1"}],"replies":[{"embeddable":true,"href":"https:\/\/myadvisor.dk\/index.php\/wp-json\/wp\/v2\/comments?post=3"}],"version-history":[{"count":2,"href":"https:\/\/myadvisor.dk\/index.php\/wp-json\/wp\/v2\/pages\/3\/revisions"}],"predecessor-version":[{"id":278,"href":"https:\/\/myadvisor.dk\/index.php\/wp-json\/wp\/v2\/pages\/3\/revisions\/278"}],"wp:attachment":[{"href":"https:\/\/myadvisor.dk\/index.php\/wp-json\/wp\/v2\/media?parent=3"}],"curies":[{"name":"wp","href":"https:\/\/api.w.org\/{rel}","templated":true}]}}